{"id":3,"date":"2020-09-28T14:03:17","date_gmt":"2020-09-28T12:03:17","guid":{"rendered":"http:\/\/wp.nimalabri.fr\/?page_id=3"},"modified":"2025-01-13T08:54:25","modified_gmt":"2025-01-13T07:54:25","slug":"mentions-legales","status":"publish","type":"page","link":"https:\/\/nimalabri.fr\/index.php\/mentions-legales\/","title":{"rendered":"Mentions l\u00e9gales"},"content":{"rendered":"\t\t<div data-elementor-type=\"wp-page\" data-elementor-id=\"3\" class=\"elementor elementor-3\" data-elementor-post-type=\"page\">\n\t\t\t\t\t\t<section class=\"elementor-section elementor-top-section elementor-element elementor-element-20f01875 elementor-section-boxed elementor-section-height-default elementor-section-height-default\" data-id=\"20f01875\" data-element_type=\"section\" data-settings=\"{&quot;_ha_eqh_enable&quot;:false}\">\n\t\t\t\t\t\t<div class=\"elementor-container elementor-column-gap-default\">\n\t\t\t\t\t<div class=\"elementor-column elementor-col-100 elementor-top-column elementor-element elementor-element-3ce2d11c\" data-id=\"3ce2d11c\" data-element_type=\"column\">\n\t\t\t<div class=\"elementor-widget-wrap elementor-element-populated\">\n\t\t\t\t\t\t<div class=\"elementor-element elementor-element-6e19c973 elementor-widget-tablet__width-initial elementor-widget elementor-widget-text-editor\" data-id=\"6e19c973\" data-element_type=\"widget\" data-widget_type=\"text-editor.default\">\n\t\t\t\t<div class=\"elementor-widget-container\">\n\t\t\t<style>\/*! elementor - v3.19.0 - 29-01-2024 *\/\n.elementor-widget-text-editor.elementor-drop-cap-view-stacked .elementor-drop-cap{background-color:#69727d;color:#fff}.elementor-widget-text-editor.elementor-drop-cap-view-framed .elementor-drop-cap{color:#69727d;border:3px solid;background-color:transparent}.elementor-widget-text-editor:not(.elementor-drop-cap-view-default) .elementor-drop-cap{margin-top:8px}.elementor-widget-text-editor:not(.elementor-drop-cap-view-default) .elementor-drop-cap-letter{width:1em;height:1em}.elementor-widget-text-editor .elementor-drop-cap{float:left;text-align:center;line-height:1;font-size:50px}.elementor-widget-text-editor .elementor-drop-cap-letter{display:inline-block}<\/style>\t\t\t\t<h1 class=\"p1\"><span style=\"color: #117a87;\">Mentions l\u00e9gales<\/span><\/h1><p>Conform\u00e9ment aux dispositions des Articles 6-III et 19 de la Loi n\u00b02004-575 du 21 juin 2004 pour la Confiance dans l\u2019\u00e9conomie num\u00e9rique, dite L.C.E.N., il est port\u00e9 \u00e0 la connaissance des utilisateurs et visiteurs du site du dispositif \u00ab N<strong>\u00ee<\/strong>m<strong>&#8216;<\/strong>Alabri\u00bb les pr\u00e9sentes mentions l\u00e9gales.<br \/>Le site du dispositif \u00ab N<strong>\u00ee<\/strong>m<strong>&#8216;<\/strong>Alabri\u00bb est accessible \u00e0 l\u2019adresse suivante : www.nimalabri.fr (ci-apr\u00e8s \u00ab le Site \u00bb). L\u2019acc\u00e8s et l\u2019utilisation du Site sont soumis aux pr\u00e9sentes \u00ab Mentions l\u00e9gales \u00bb d\u00e9taill\u00e9es ci-apr\u00e8s ainsi qu\u2019aux lois et\/ou r\u00e8glements applicables. La connexion, l\u2019utilisation et l\u2019acc\u00e8s \u00e0 ce Site impliquent l\u2019acceptation int\u00e9grale et sans r\u00e9serve de l\u2019internaute de toutes les dispositions des pr\u00e9sentes Mentions L\u00e9gales.<\/p><p><strong>IDENTIFICATION<\/strong><\/p><p>L&#8217;EPTB Vistre Vistrenque offre un acc\u00e8s \u00e0 des services de communication au public en ligne conform\u00e9ment aux dispositions de la loi n\u00b0 2004-575 du 21 juin 2004 pour la confiance dans l\u2019\u00e9conomie num\u00e9rique. Nous vous informons que le site est \u00e9dit\u00e9 par Mayane dont le si\u00e8ge se situe : <strong>22 rue Richard Lenoir, 75011 PARIS<\/strong> T\u00e9l. : 09 53 61 19 20<\/p><p>DIRECTEUR DE LA PUBLICATION<\/p><p>Au sens de l\u2019article 93-2 de la loi n\u00b0 82-652 du 29 juillet 1982 le directeur de la publication est : <a href=\"mailto:direction@mayane.eu\">Mayane.<\/a><\/p><p><strong>PRESTATAIRES :<\/strong><\/p><p>Mayane ayant son si\u00e8ge social <strong>22 rue Richard Lenoir, 75011 PARIS<\/strong>. T\u00e9l\u00e9phone : 09 53 61 19 20 \u2013 Adresse e-mail : <a href=\"mailto:contact@mayane.eu\">contact@mayane.eu<\/a><\/p><p>PRESTATAIRE D\u2019HERBEGEMENT<\/p><p>L\u2019h\u00e9bergement du Site Internet est r\u00e9alis\u00e9 par la soci\u00e9t\u00e9 OVH SARL. SAS au capital de 10 069 020 \u20ac Si\u00e8ge social : 2 rue Kellermann &#8211; 59100 Roubaix \u2013 France RCS Lille M\u00e9tropole 424 761 419 N\u00b0 TVA : FR 22 424 761 419 Tel : 0 899 701 761 \u2013 Fax : 03 20 20 09 58 Mail : support@ovh.com Site : <a href=\"http:\/\/www.ovh.com \">www.ovh.com <\/a><\/p><p><strong>COOKIES<\/strong><\/p><p>L\u2019utilisateur est inform\u00e9 que lors de ses visites sur le site, un cookie peut s\u2019installer automatiquement sur son logiciel de navigation. Le cookie utilis\u00e9 est un bloc de donn\u00e9es qui ne permet pas d\u2019identifier les utilisateurs mais sert \u00e0 enregistrer des informations relatives \u00e0 la navigation sur le site.<\/p><p><strong>DROITS DE REPRODUCTION<\/strong><\/p><p>Le contenu du site, la structure g\u00e9n\u00e9rale, les textes, les images, anim\u00e9es ou non, et les sons dont le portail est compos\u00e9 sont la propri\u00e9t\u00e9 exclusive de <strong>l&#8217;EPTB Vistre Vistrenque<\/strong>. En application des articles L.335-2 et suivants du Code de la Propri\u00e9t\u00e9 intellectuelle, toute reproduction partielle ou totale de ce Site et de son contenu, par quelques proc\u00e9d\u00e9s que ce soient, sans l\u2019autorisation pr\u00e9alable expresse de <strong>l&#8217;EPTB Vistre Vistrenque<\/strong> est interdite et constituerait une contrefa\u00e7on.<\/p><p><strong>LIENS HYPERTEXTES<\/strong><\/p><p>Les liens hypertextes mis en place dans le cadre du pr\u00e9sent site en direction d\u2019autres ressources pr\u00e9sentes sur le r\u00e9seau Internet, ne sauraient engager la responsabilit\u00e9 <strong>de l&#8217;EPTB Vistre Vistrenque<\/strong>.<\/p><p><strong>DONN\u00c9ES \u00c0 CARACTERE PERSONNEL \u2013 CNIL<\/strong><\/p><p>L<strong>&#8216;EPTB Vistre Vistrenque<\/strong> attache une grande importance \u00e0 la protection de vos donn\u00e9es personnelles et au respect de votre vie priv\u00e9e. \u00c0 ce titre, les pr\u00e9sentes mentions visent \u00e0 vous informer des pratiques concernant la collecte, l\u2019utilisation et le partage des donn\u00e9es personnelles que nous recueillons par le biais du site.<\/p><p>1. Coordonn\u00e9es<br \/>Nous vous informons que Mayane agit en qualit\u00e9 de RESPONSABLE DU TRAITEMENT et est repr\u00e9sent\u00e9e par sa pr\u00e9sidente. Pour toute information relative \u00e0 vos donn\u00e9es \u00e0 caract\u00e8re personnel, vous pouvez contacter le D\u00e9l\u00e9gu\u00e9 \u00e0 la Protection des Donn\u00e9es \u00e0 l\u2019adresse : <a href=\"mailto:donnees.perso@mayane.eu \">donnees.perso@mayane.eu <\/a><\/p><p>2. Collecte des donn\u00e9es<br \/>Les informations que nous recueillons sont enregistr\u00e9es dans un fichier informatis\u00e9 et s\u00e9curis\u00e9 par Mayane, \u00e0 des fins d\u2019\u00e9tablissement d\u2019un diagnostic et d\u2019une strat\u00e9gie de travaux et de financement, pour suivre votre dossier, pour r\u00e9pondre \u00e0 vos demandes ou pour vous communiquer des informations en lien avec notre mission. Le responsable de traitement est <strong>l\u2019EPTB Vistre Vistrenque, 7 avenue de la Dame, 30132 Caissargues.<\/strong> Les donn\u00e9es sont destin\u00e9es \u00e0 <strong>l\u2019EPTB Vistre Vistrenque<\/strong> et aux tiers mandat\u00e9s par <strong>l\u2019EPTB Vistre Vistrenque<\/strong>. Elles sont h\u00e9berg\u00e9es sur des serveurs informatiques situ\u00e9s en Europe. Les donn\u00e9es personnelles sont conserv\u00e9es pendant la dur\u00e9e strictement n\u00e9cessaire \u00e0 la r\u00e9alisation des finalit\u00e9s pr\u00e9cit\u00e9es. Conform\u00e9ment \u00e0 la loi \u00ab informatique et libert\u00e9s \u00bb du 6 janvier 1978 modifi\u00e9e, ainsi qu\u2019au R\u00e8glement G\u00e9n\u00e9ral sur la Protection des Donn\u00e9es Personnelles (RGPD) du 27 avril 2016, vous disposez d\u2019un droit d\u2019acc\u00e8s, de rectification, de suppression, de restriction et d\u2019opposition au traitement des donn\u00e9es vous concernant en contactant <a href=\"mailto:donnees.perso@mayane.eu\">donnees.perso@mayane.eu<\/a>. Vous pouvez \u00e9galement introduire une r\u00e9clamation aupr\u00e8s de la CNIL.<\/p><p>3. Finalit\u00e9s de la collecte des donn\u00e9es<br \/>Votre consentement n\u2019est pas requis car les traitements sont n\u00e9cessaires \u00e0 l&#8217;ex\u00e9cution d\u2019une mission de service public (article 6.1 e du RGPD). Nous vous informons que les informations recueillies font l\u2019objet de traitements destin\u00e9s \u00e0\u00a0 la gestion de vos demandes : renseignements compl\u00e9mentaires, prise de contact afin de r\u00e9aliser un diagnostic de vuln\u00e9rabilit\u00e9, demandes de rendez-vous, etc.<\/p><p>4. Dur\u00e9e de conservation des donn\u00e9es<br \/>Vos donn\u00e9es \u00e0 caract\u00e8re personnel sont conserv\u00e9es uniquement pendant toute la dur\u00e9e du dispositif \u00ab N\u00eem\u2019Alabri \u00bb port\u00e9 par <strong>l\u2019EPTB Vistre Vistrenque.<\/strong><\/p><p>5. Destinataires des donn\u00e9es<br \/>Les destinataires de vos donn\u00e9es \u00e0 caract\u00e8re personnels sont : les experts en risque mandat\u00e9s par <strong>l\u2019EPTB Vistre Vistrenque <\/strong>et charg\u00e9 de prendre contact avec les volontaires pour organiser les rendez-vous.<\/p><p>6. Vos Droits<br \/>Conform\u00e9ment au R\u00e8glement G\u00e9n\u00e9ral sur la Protection des Donn\u00e9es dit RGPD vous b\u00e9n\u00e9ficier : d\u2019un droit d\u2019acc\u00e8s, de rectification et d\u2019effacement. Le cas \u00e9ch\u00e9ant, vous pouvez \u00e9galement obtenir un droit \u00e0 la limitation du traitement et d\u2019opposition. Le droit \u00e0 la portabilit\u00e9 ne s\u2019applique pas au pr\u00e9sent traitement. Vous pouvez exercer vos droits en justifiant de votre identit\u00e9 et en vous adressant \u00e0 notre D\u00e9l\u00e9gu\u00e9 \u00e0 la Protection des Donn\u00e9es \u00e0 l\u2019adresse <a href=\"mailto:donnees.perso@mayane.eu\">donnees.perso@mayane.eu<\/a>. Si vous pensez que vos droits ne sont pas respect\u00e9s, vous pouvez introduire une r\u00e9clamation aupr\u00e8s de la CNIL.<\/p><p><strong>CR\u00c9DITS PHOTOS &amp; ILLUSTRATIONS<\/strong><\/p><p>Conception et cr\u00e9ation de la charte et des illustrations du dispositif \u00ab Nimalabri \u00bb \u00a9 Mayane &#8211; Site web : <a href=\"http:\/\/www.mayane.eu \">www.mayane.eu <\/a><\/p><p><strong>DROITS D\u2019AUTEURS<\/strong><\/p><p>Copyright \u00a9 2025 \u2013 \u00ab N<strong>\u00ee<\/strong>m<strong>&#8216;<\/strong>Alabri\u00bb \u2013 Tous droits r\u00e9serv\u00e9s<br \/>Les textes, logos, illustrations et documents composant le site www.nimalabri.fr sont la propri\u00e9t\u00e9 exclusive de <strong>l\u2019EPTB Vistre Vistrenque<\/strong> et de Mayane. Toute utilisation commerciale ou personnelle est strictement interdite sans l\u2019accord pr\u00e9alable de <strong>l\u2019EPTB Vistre Vistrenque<\/strong> et de Mayane.<\/p>\t\t\t\t\t\t<\/div>\n\t\t\t\t<\/div>\n\t\t\t\t\t<\/div>\n\t\t<\/div>\n\t\t\t\t\t<\/div>\n\t\t<\/section>\n\t\t\t\t<\/div>\n\t\t","protected":false},"excerpt":{"rendered":"<p>Mentions l\u00e9gales Conform\u00e9ment aux dispositions des Articles 6-III et 19 de la Loi n\u00b02004-575 du 21 juin 2004 pour la Confiance dans l\u2019\u00e9conomie num\u00e9rique, dite L.C.E.N., il est port\u00e9 \u00e0 la connaissance des utilisateurs et visiteurs du site du dispositif \u00ab N\u00eem&#8216;Alabri\u00bb les pr\u00e9sentes mentions l\u00e9gales.Le site du dispositif \u00ab N\u00eem&#8216;Alabri\u00bb est accessible \u00e0 l\u2019adresse &hellip;<\/p>\n","protected":false},"author":1,"featured_media":0,"parent":0,"menu_order":0,"comment_status":"closed","ping_status":"open","template":"elementor_header_footer","meta":{"footnotes":""},"yoast_head":"<!-- This site is optimized with the Yoast SEO plugin v21.9.1 - https:\/\/yoast.com\/wordpress\/plugins\/seo\/ -->\n<title>Mentions l\u00e9gales - N\u00eem&#039;Alabri<\/title>\n<meta name=\"description\" content=\"Consultez les mentions l\u00e9gales de Nim&#039;Alabri, votre expert en dispositifs de s\u00e9curit\u00e9 et protection innovants, bas\u00e9 \u00e0 N\u00eemes. D\u00e9couvrez nos engagements.\" \/>\n<meta name=\"robots\" content=\"index, follow, max-snippet:-1, max-image-preview:large, max-video-preview:-1\" \/>\n<link rel=\"canonical\" href=\"https:\/\/nimalabri.fr\/index.php\/mentions-legales\/\" \/>\n<meta property=\"og:locale\" content=\"fr_FR\" \/>\n<meta property=\"og:type\" content=\"article\" \/>\n<meta property=\"og:title\" content=\"Mentions l\u00e9gales - N\u00eem&#039;Alabri\" \/>\n<meta property=\"og:description\" content=\"Consultez les mentions l\u00e9gales de Nim&#039;Alabri, votre expert en dispositifs de s\u00e9curit\u00e9 et protection innovants, bas\u00e9 \u00e0 N\u00eemes. D\u00e9couvrez nos engagements.\" \/>\n<meta property=\"og:url\" content=\"https:\/\/nimalabri.fr\/index.php\/mentions-legales\/\" \/>\n<meta property=\"og:site_name\" content=\"N\u00eem&#039;Alabri\" \/>\n<meta property=\"article:modified_time\" content=\"2025-01-13T07:54:25+00:00\" \/>\n<meta property=\"og:image\" content=\"https:\/\/nimalabri.fr\/wp-content\/uploads\/2023\/04\/logo_nimalabri_header.webp\" \/>\n\t<meta property=\"og:image:width\" content=\"512\" \/>\n\t<meta property=\"og:image:height\" content=\"120\" \/>\n\t<meta property=\"og:image:type\" content=\"image\/webp\" \/>\n<meta name=\"twitter:card\" content=\"summary_large_image\" \/>\n<meta name=\"twitter:label1\" content=\"Dur\u00e9e de lecture estim\u00e9e\" \/>\n\t<meta name=\"twitter:data1\" content=\"6 minutes\" \/>\n<script type=\"application\/ld+json\" class=\"yoast-schema-graph\">{\"@context\":\"https:\/\/schema.org\",\"@graph\":[{\"@type\":\"WebPage\",\"@id\":\"https:\/\/nimalabri.fr\/index.php\/mentions-legales\/\",\"url\":\"https:\/\/nimalabri.fr\/index.php\/mentions-legales\/\",\"name\":\"Mentions l\u00e9gales - N\u00eem&#039;Alabri\",\"isPartOf\":{\"@id\":\"https:\/\/nimalabri.fr\/#website\"},\"datePublished\":\"2020-09-28T12:03:17+00:00\",\"dateModified\":\"2025-01-13T07:54:25+00:00\",\"description\":\"Consultez les mentions l\u00e9gales de Nim'Alabri, votre expert en dispositifs de s\u00e9curit\u00e9 et protection innovants, bas\u00e9 \u00e0 N\u00eemes. D\u00e9couvrez nos engagements.\",\"breadcrumb\":{\"@id\":\"https:\/\/nimalabri.fr\/index.php\/mentions-legales\/#breadcrumb\"},\"inLanguage\":\"fr-FR\",\"potentialAction\":[{\"@type\":\"ReadAction\",\"target\":[\"https:\/\/nimalabri.fr\/index.php\/mentions-legales\/\"]}]},{\"@type\":\"BreadcrumbList\",\"@id\":\"https:\/\/nimalabri.fr\/index.php\/mentions-legales\/#breadcrumb\",\"itemListElement\":[{\"@type\":\"ListItem\",\"position\":1,\"name\":\"Accueil\",\"item\":\"https:\/\/nimalabri.fr\/\"},{\"@type\":\"ListItem\",\"position\":2,\"name\":\"Mentions l\u00e9gales\"}]},{\"@type\":\"WebSite\",\"@id\":\"https:\/\/nimalabri.fr\/#website\",\"url\":\"https:\/\/nimalabri.fr\/\",\"name\":\"N\u00eem'Alabri\",\"description\":\"Accompagnement pour l&#039;adaptation de votre B\u00e2ti au Risque Inondation\",\"publisher\":{\"@id\":\"https:\/\/nimalabri.fr\/#organization\"},\"potentialAction\":[{\"@type\":\"SearchAction\",\"target\":{\"@type\":\"EntryPoint\",\"urlTemplate\":\"https:\/\/nimalabri.fr\/?s={search_term_string}\"},\"query-input\":\"required name=search_term_string\"}],\"inLanguage\":\"fr-FR\"},{\"@type\":\"Organization\",\"@id\":\"https:\/\/nimalabri.fr\/#organization\",\"name\":\"N\u00eem'Alabri\",\"url\":\"https:\/\/nimalabri.fr\/\",\"logo\":{\"@type\":\"ImageObject\",\"inLanguage\":\"fr-FR\",\"@id\":\"https:\/\/nimalabri.fr\/#\/schema\/logo\/image\/\",\"url\":\"https:\/\/nimalabri.fr\/wp-content\/uploads\/2023\/04\/logo_nimalabri_header.webp\",\"contentUrl\":\"https:\/\/nimalabri.fr\/wp-content\/uploads\/2023\/04\/logo_nimalabri_header.webp\",\"width\":512,\"height\":120,\"caption\":\"N\u00eem'Alabri\"},\"image\":{\"@id\":\"https:\/\/nimalabri.fr\/#\/schema\/logo\/image\/\"}}]}<\/script>\n<!-- \/ Yoast SEO plugin. -->","yoast_head_json":{"title":"Mentions l\u00e9gales - N\u00eem&#039;Alabri","description":"Consultez les mentions l\u00e9gales de Nim'Alabri, votre expert en dispositifs de s\u00e9curit\u00e9 et protection innovants, bas\u00e9 \u00e0 N\u00eemes. D\u00e9couvrez nos engagements.","robots":{"index":"index","follow":"follow","max-snippet":"max-snippet:-1","max-image-preview":"max-image-preview:large","max-video-preview":"max-video-preview:-1"},"canonical":"https:\/\/nimalabri.fr\/index.php\/mentions-legales\/","og_locale":"fr_FR","og_type":"article","og_title":"Mentions l\u00e9gales - N\u00eem&#039;Alabri","og_description":"Consultez les mentions l\u00e9gales de Nim'Alabri, votre expert en dispositifs de s\u00e9curit\u00e9 et protection innovants, bas\u00e9 \u00e0 N\u00eemes. D\u00e9couvrez nos engagements.","og_url":"https:\/\/nimalabri.fr\/index.php\/mentions-legales\/","og_site_name":"N\u00eem&#039;Alabri","article_modified_time":"2025-01-13T07:54:25+00:00","og_image":[{"width":512,"height":120,"url":"https:\/\/nimalabri.fr\/wp-content\/uploads\/2023\/04\/logo_nimalabri_header.webp","type":"image\/webp"}],"twitter_card":"summary_large_image","twitter_misc":{"Dur\u00e9e de lecture estim\u00e9e":"6 minutes"},"schema":{"@context":"https:\/\/schema.org","@graph":[{"@type":"WebPage","@id":"https:\/\/nimalabri.fr\/index.php\/mentions-legales\/","url":"https:\/\/nimalabri.fr\/index.php\/mentions-legales\/","name":"Mentions l\u00e9gales - N\u00eem&#039;Alabri","isPartOf":{"@id":"https:\/\/nimalabri.fr\/#website"},"datePublished":"2020-09-28T12:03:17+00:00","dateModified":"2025-01-13T07:54:25+00:00","description":"Consultez les mentions l\u00e9gales de Nim'Alabri, votre expert en dispositifs de s\u00e9curit\u00e9 et protection innovants, bas\u00e9 \u00e0 N\u00eemes. D\u00e9couvrez nos engagements.","breadcrumb":{"@id":"https:\/\/nimalabri.fr\/index.php\/mentions-legales\/#breadcrumb"},"inLanguage":"fr-FR","potentialAction":[{"@type":"ReadAction","target":["https:\/\/nimalabri.fr\/index.php\/mentions-legales\/"]}]},{"@type":"BreadcrumbList","@id":"https:\/\/nimalabri.fr\/index.php\/mentions-legales\/#breadcrumb","itemListElement":[{"@type":"ListItem","position":1,"name":"Accueil","item":"https:\/\/nimalabri.fr\/"},{"@type":"ListItem","position":2,"name":"Mentions l\u00e9gales"}]},{"@type":"WebSite","@id":"https:\/\/nimalabri.fr\/#website","url":"https:\/\/nimalabri.fr\/","name":"N\u00eem'Alabri","description":"Accompagnement pour l&#039;adaptation de votre B\u00e2ti au Risque Inondation","publisher":{"@id":"https:\/\/nimalabri.fr\/#organization"},"potentialAction":[{"@type":"SearchAction","target":{"@type":"EntryPoint","urlTemplate":"https:\/\/nimalabri.fr\/?s={search_term_string}"},"query-input":"required name=search_term_string"}],"inLanguage":"fr-FR"},{"@type":"Organization","@id":"https:\/\/nimalabri.fr\/#organization","name":"N\u00eem'Alabri","url":"https:\/\/nimalabri.fr\/","logo":{"@type":"ImageObject","inLanguage":"fr-FR","@id":"https:\/\/nimalabri.fr\/#\/schema\/logo\/image\/","url":"https:\/\/nimalabri.fr\/wp-content\/uploads\/2023\/04\/logo_nimalabri_header.webp","contentUrl":"https:\/\/nimalabri.fr\/wp-content\/uploads\/2023\/04\/logo_nimalabri_header.webp","width":512,"height":120,"caption":"N\u00eem'Alabri"},"image":{"@id":"https:\/\/nimalabri.fr\/#\/schema\/logo\/image\/"}}]}},"_links":{"self":[{"href":"https:\/\/nimalabri.fr\/index.php\/wp-json\/wp\/v2\/pages\/3"}],"collection":[{"href":"https:\/\/nimalabri.fr\/index.php\/wp-json\/wp\/v2\/pages"}],"about":[{"href":"https:\/\/nimalabri.fr\/index.php\/wp-json\/wp\/v2\/types\/page"}],"author":[{"embeddable":true,"href":"https:\/\/nimalabri.fr\/index.php\/wp-json\/wp\/v2\/users\/1"}],"replies":[{"embeddable":true,"href":"https:\/\/nimalabri.fr\/index.php\/wp-json\/wp\/v2\/comments?post=3"}],"version-history":[{"count":58,"href":"https:\/\/nimalabri.fr\/index.php\/wp-json\/wp\/v2\/pages\/3\/revisions"}],"predecessor-version":[{"id":3662,"href":"https:\/\/nimalabri.fr\/index.php\/wp-json\/wp\/v2\/pages\/3\/revisions\/3662"}],"wp:attachment":[{"href":"https:\/\/nimalabri.fr\/index.php\/wp-json\/wp\/v2\/media?parent=3"}],"curies":[{"name":"wp","href":"https:\/\/api.w.org\/{rel}","templated":true}]}}